{"id":1547,"date":"2025-04-16T02:59:45","date_gmt":"2025-04-16T02:59:45","guid":{"rendered":"https:\/\/hansen.dotlabbrazil.com.br\/?page_id=1547"},"modified":"2025-07-17T14:25:12","modified_gmt":"2025-07-17T14:25:12","slug":"producoes-cientificas","status":"publish","type":"page","link":"https:\/\/hansen.dotlabbrazil.com.br\/en\/producoes-cientificas\/","title":{"rendered":"Produ\u00e7\u00f5es Cient\u00edficas"},"content":{"rendered":"<section class=\"wpb-content-wrapper\"><div class=\"vc_row wpb_row vc_row-fluid\"><div class=\"wpb_column vc_column_container vc_col-sm-12\"><div class=\"vc_column-inner\"><div class=\"wpb_wrapper\"><div class=\"vc_empty_space\"   style=\"height: 32px\"><span class=\"vc_empty_space_inner\"><\/span><\/div>\n\t<div class=\"wpb_raw_code wpb_content_element wpb_raw_html\" >\n\t\t<div class=\"wpb_wrapper\">\n\t\t\t<div class=\"container\">\n      <div id=\"accordionPaper\" class=\"row row-cols-1 row-cols-sm-2 row-cols-md-2 g-3 accordion\">\n<div class=\"card\">\r\n\t<div class=\"card-header\" id=\"headingOne\">\r\n\t  <h2 class=\"mb-0\">\r\n\t\t<button class=\"btn btn-link\" type=\"button\" data-toggle=\"collapse\" data-target=\"#collapse1610\" aria-expanded=\"false\" aria-controls=\"collapse1610\">\r\n\t\t  Automatic Information Extraction from Neurological Assessment Records for Leprosy Cases Using AI\r\n\t\t<\/button>\r\n\t  <\/h2>\r\n\t<\/div>\r\n\r\n\t<div id=\"collapse1610\" class=\"collapse aria-labelledby=\"headingone\" data-parent=\"#accordionPaper\">\r\n\t  <div class=\"card-body\">\r\n\t\t<p class=\"card-text\">\n<p>Leprosy is a chronic infectious disease that continues to be present in more than 120 countries. In 2023, over 20,000 new cases were reported in Brazil, making it the second most endemic country in the world. The development of new information systems that utilize available clinical records is essential to support decision-making during the treatment of this highly stigmatizing disease. In this study, we present preliminary results demonstrating the feasibility of using YOLO for the automatic recognition of non-textual data from neurological assessments of patients undergoing treatment. Our approach achieved an accuracy of 97.5% in recognizing sensory assessment records used in the Brazilian healthcare system.<\/p>\n<\/p>\r\n\t\t<div class=\"d-flex justify-content-between align-items-center\">\r\n\t\t\t<div class=\"btn-group\">\r\n\t\t\t  <a href=\"https:\/\/sol.sbc.org.br\/index.php\/sbsi_estendido\/article\/view\/34630\/34421\" class=\"btn btn-sm btn-outline-secondary\" target=\"_blank\">Link<\/a>\r\n\t\t\t<\/div>\r\n\t\t\t<small class=\"text-body-secondary\"><\/small>\r\n\t\t<\/div>\r\n\t  <\/div>\r\n\t<\/div>\r\n<\/div><div class=\"card\">\r\n\t<div class=\"card-header\" id=\"headingOne\">\r\n\t  <h2 class=\"mb-0\">\r\n\t\t<button class=\"btn btn-link\" type=\"button\" data-toggle=\"collapse\" data-target=\"#collapse1612\" aria-expanded=\"false\" aria-controls=\"collapse1612\">\r\n\t\t  Comparing YOLO and Detectron2 models for automatic extracting patients information from leprosy assessment form\r\n\t\t<\/button>\r\n\t  <\/h2>\r\n\t<\/div>\r\n\r\n\t<div id=\"collapse1612\" class=\"collapse aria-labelledby=\"headingone\" data-parent=\"#accordionPaper\">\r\n\t  <div class=\"card-body\">\r\n\t\t<p class=\"card-text\">\n<p>Leprosy, caused by Mycobacterium leprae, remains a global challenge, requiring strategies to achieve disease elimination by 2030. In Brazil, the Simplified Neurological Assessment (from Portuguese Avalia\u00e7\u00e3o Neurol\u00f3gica Simplificada, ANS) is mandatory for suspected cases; however, the form is still manually fulfilled, which limits the use of data. This study evaluates computer vision models (YOLOv8x, YOLO11x, Faster R-CNN) for detecting hand and foot sensitivity regions from ANS forms. All models were evaluated based on precision, recall, mean average precision (mAP) and confusion matrix. YOLO variants achieved over 94% precision and 84% recall across all classes. Automating ANS data extraction can facilitate the creation of structured datasets, enhancing disease monitoring and enabling the train of predictive models.<\/p>\n<\/p>\r\n\t\t<div class=\"d-flex justify-content-between align-items-center\">\r\n\t\t\t<div class=\"btn-group\">\r\n\t\t\t  <a href=\"https:\/\/sol.sbc.org.br\/index.php\/sbcas\/article\/view\/35507\/35294\" class=\"btn btn-sm btn-outline-secondary\" target=\"_blank\">Link<\/a>\r\n\t\t\t<\/div>\r\n\t\t\t<small class=\"text-body-secondary\"><\/small>\r\n\t\t<\/div>\r\n\t  <\/div>\r\n\t<\/div>\r\n<\/div><div class=\"card\">\r\n\t<div class=\"card-header\" id=\"headingOne\">\r\n\t  <h2 class=\"mb-0\">\r\n\t\t<button class=\"btn btn-link\" type=\"button\" data-toggle=\"collapse\" data-target=\"#collapse1611\" aria-expanded=\"false\" aria-controls=\"collapse1611\">\r\n\t\t  hansen.app: Simplified Neurological Assessment Form Application for Data Collection to Support Hansen\u2019s disease Treatment\r\n\t\t<\/button>\r\n\t  <\/h2>\r\n\t<\/div>\r\n\r\n\t<div id=\"collapse1611\" class=\"collapse aria-labelledby=\"headingone\" data-parent=\"#accordionPaper\">\r\n\t  <div class=\"card-body\">\r\n\t\t<p class=\"card-text\">\n<p>This study addresses the challenge of improving Hansen\u2019s disease understating and monitoring in Brazil\u2019s public healthcare system (SUS) through the development of a digital record system rooted in Soft Systems Methodology (SSM). The proposed solution, the hansen.app, integrates participatory cycles with real stakeholders to adapt and digitize the Simplified Neurological Assessment (from Portuguese ANS) form, ensuring data fidelity and enhanced usability for healthcare professionals and patients. Hence, data modeling and the prototype aim to reduce the complexity of Hansen\u2019s disease care and monitoring by delivering more essential data to improve the knowledge capacity of the health-care system.<\/p>\n<\/p>\r\n\t\t<div class=\"d-flex justify-content-between align-items-center\">\r\n\t\t\t<div class=\"btn-group\">\r\n\t\t\t  <a href=\"https:\/\/sol.sbc.org.br\/index.php\/sbsi_estendido\/article\/view\/34615\/34406\" class=\"btn btn-sm btn-outline-secondary\" target=\"_blank\">Link<\/a>\r\n\t\t\t<\/div>\r\n\t\t\t<small class=\"text-body-secondary\"><\/small>\r\n\t\t<\/div>\r\n\t  <\/div>\r\n\t<\/div>\r\n<\/div><div class=\"card\">\r\n\t<div class=\"card-header\" id=\"headingOne\">\r\n\t  <h2 class=\"mb-0\">\r\n\t\t<button class=\"btn btn-link\" type=\"button\" data-toggle=\"collapse\" data-target=\"#collapse1589\" aria-expanded=\"false\" aria-controls=\"collapse1589\">\r\n\t\t  Health Guardian &#8211; A intelig\u00eancia artificial a servi\u00e7o do tratamento das doen\u00e7as tropicais negligenciadas\r\n\t\t<\/button>\r\n\t  <\/h2>\r\n\t<\/div>\r\n\r\n\t<div id=\"collapse1589\" class=\"collapse aria-labelledby=\"headingone\" data-parent=\"#accordionPaper\">\r\n\t  <div class=\"card-body\">\r\n\t\t<p class=\"card-text\">\n<p>Doen\u00e7as como mal\u00e1ria, arbov\u00edrus, tuberculose e hansen\u00edase, conhecidas como doen\u00e7as tropicais negligenciadas, representam uma amea\u00e7a \u00e0 sa\u00fade das popula\u00e7\u00f5es de baixa renda, impactando negativamente a qualidade de vida dos indiv\u00edduos afetados. Este artigo apresenta o Health Guardian, um aplicativo colaborativo que utiliza intelig\u00eancia artificial para auxiliar os profissionais de sa\u00fade no processo de tomada de decis\u00e3o referente ao tratamento de doen\u00e7as tropicais negligenciadas, visando melhorar a efici\u00eancia do atendimento e a qualidade de vida dos pacientes.<\/p>\n<\/p>\r\n\t\t<div class=\"d-flex justify-content-between align-items-center\">\r\n\t\t\t<div class=\"btn-group\">\r\n\t\t\t  <a href=\"https:\/\/sol.sbc.org.br\/index.php\/sbsc\/article\/view\/28111\" class=\"btn btn-sm btn-outline-secondary\" target=\"_blank\">Link<\/a>\r\n\t\t\t<\/div>\r\n\t\t\t<small class=\"text-body-secondary\">doen\u00e7as tropicais negligenciadas, intelig\u00eancia artificial, aplicativo m\u00f3vel<\/small>\r\n\t\t<\/div>\r\n\t  <\/div>\r\n\t<\/div>\r\n<\/div><div class=\"card\">\r\n\t<div class=\"card-header\" id=\"headingOne\">\r\n\t  <h2 class=\"mb-0\">\r\n\t\t<button class=\"btn btn-link\" type=\"button\" data-toggle=\"collapse\" data-target=\"#collapse1614\" aria-expanded=\"false\" aria-controls=\"collapse1614\">\r\n\t\t  On the usage of artificial intelligence in leprosy care: A systematic literature review\r\n\t\t<\/button>\r\n\t  <\/h2>\r\n\t<\/div>\r\n\r\n\t<div id=\"collapse1614\" class=\"collapse aria-labelledby=\"headingone\" data-parent=\"#accordionPaper\">\r\n\t  <div class=\"card-body\">\r\n\t\t<p class=\"card-text\">\n<p>Leprosy, or Hansen\u2019s disease, is a Neglected Tropical Disease (NTD) caused by&nbsp;<em>Mycobacterium leprae<\/em>&nbsp;that mainly affects the skin and peripheral nerves, causing neuropathy to varying degrees. It can result in physical disabilities and functional loss and is particularly prevalent amongst the most vulnerable populations in tropical and subtropical regions worldwide. The persistent stigma and social exclusion associated with leprosy complicate eradication efforts exacerbate the wider challenges faced by NTDs in sourcing the necessary resources and attention for control and elimination. The introduction of Multidrug Therapy (MDT) significantly lowers the global disease burden. Despite this breakthrough in the treatment of leprosy, over 200,000 new leprosy cases are reported annually across more than 120 countries, emphasizing the need for ongoing detection and management efforts. Artificial Intelligence (AI) has the potential to transform leprosy care by accelerating early detection, improving accurate diagnosis, and enabling predictive modeling to improve the quality for those affected. The potential of AI to provide information to assist healthcare professionals in interventions that reduce the risk of disability, and consequently stigma, particularly in endemic regions, presents a promising path to reducing the incidence of leprosy and improving integration social status of patients. This systematic literature review (SLR) examines the state of the art in research on the use of AI for leprosy care. From an initial 657 works from six scientific databases (ACM Digital Library, IEEE Xplore, PubMed, Scopus, Science Direct and Springer), only 30 relevant works were identified, after analysis of three independent reviewers. We have excluded works due duplication, couldn\u2019t be retrieved and quality assessment. Results show that current research is focused primarily on the identification of symptoms using image based classification using three main techniques, neural networks, convolutional neural networks, and support vector machines; a small number of studies focus on other thematic areas of leprosy care. A comprehensive systematic approach to research on the application of AI to leprosy care can make a meaningful contribution to a leprosy-free world and help deliver on the promise of the Sustainable Development Goals (SDG).<\/p>\n<\/p>\r\n\t\t<div class=\"d-flex justify-content-between align-items-center\">\r\n\t\t\t<div class=\"btn-group\">\r\n\t\t\t  <a href=\"https:\/\/journals.plos.org\/ploscompbiol\/article\/metrics?id=10.1371\/journal.pcbi.1012550#discussedHeader\" class=\"btn btn-sm btn-outline-secondary\" target=\"_blank\">Link<\/a>\r\n\t\t\t<\/div>\r\n\t\t\t<small class=\"text-body-secondary\"><\/small>\r\n\t\t<\/div>\r\n\t  <\/div>\r\n\t<\/div>\r\n<\/div><div class=\"card\">\r\n\t<div class=\"card-header\" id=\"headingOne\">\r\n\t  <h2 class=\"mb-0\">\r\n\t\t<button class=\"btn btn-link\" type=\"button\" data-toggle=\"collapse\" data-target=\"#collapse1609\" aria-expanded=\"false\" aria-controls=\"collapse1609\">\r\n\t\t  Painel interativo para monitoramento de contatos de pacientes com hansen\u00edase no Brasil: uma ferramenta alinhada \u00e0 estrat\u00e9gia global 2021-2030.\r\n\t\t<\/button>\r\n\t  <\/h2>\r\n\t<\/div>\r\n\r\n\t<div id=\"collapse1609\" class=\"collapse aria-labelledby=\"headingone\" data-parent=\"#accordionPaper\">\r\n\t  <div class=\"card-body\">\r\n\t\t<p class=\"card-text\">\n<p>A Estrat\u00e9gia Global da Organiza\u00e7\u00e3o Mundial de Sa\u00fade (OMS) para Hansen\u00edase 2021\u20132030 define a amplia\u00e7\u00e3o das atividades de preven\u00e7\u00e3o como um dos seus pilares estrat\u00e9gicos. Estima-se que cerca de 25 milh\u00f5es de pessoas podem se beneficiar de interven\u00e7\u00f5es profil\u00e1ticas, a partir da administra\u00e7\u00e3o de uma dose \u00fanica de rifampicina para os contatos pr\u00f3ximos. Analisar os dados referentes aos exames em contatos pr\u00f3ximos, pode ser \u00fatil para auxiliar nesta estrat\u00e9gia preventiva, al\u00e9m de fornecer subs\u00eddios para o processo de tomada de decis\u00e3o por parte das autoridades p\u00fablicas de sa\u00fade. Este trabalho tem como objetivo apresentar um painel interativo de monitoramento dos casos de hansen\u00edase no Brasil, com foco na taxa de contatos examinados pela Unidade Federativa (UF). O painel utiliza a base de dados do Sistema de Informa\u00e7\u00e3o de Agravos de Notifica\u00e7\u00e3o (SINAN), de 2001 a 2023, contendo 923.920 registros&#8230;<\/p>\n<\/p>\r\n\t\t<div class=\"d-flex justify-content-between align-items-center\">\r\n\t\t\t<div class=\"btn-group\">\r\n\t\t\t  <a href=\"https:\/\/periodicos.saude.sp.gov.br\/hansenologia\/issue\/view\/2737\" class=\"btn btn-sm btn-outline-secondary\" target=\"_blank\">Link<\/a>\r\n\t\t\t<\/div>\r\n\t\t\t<small class=\"text-body-secondary\"><\/small>\r\n\t\t<\/div>\r\n\t  <\/div>\r\n\t<\/div>\r\n<\/div><div class=\"card\">\r\n\t<div class=\"card-header\" id=\"headingOne\">\r\n\t  <h2 class=\"mb-0\">\r\n\t\t<button class=\"btn btn-link\" type=\"button\" data-toggle=\"collapse\" data-target=\"#collapse1590\" aria-expanded=\"false\" aria-controls=\"collapse1590\">\r\n\t\t  Painel interativo para monitoramento e an\u00e1lise da evolu\u00e7\u00e3o do grau de incapacidade decorrente da hansen\u00edase no Brasil: Uma ferramenta alinhada \u00e0 Estrat\u00e9gia Global 2021-2030\r\n\t\t<\/button>\r\n\t  <\/h2>\r\n\t<\/div>\r\n\r\n\t<div id=\"collapse1590\" class=\"collapse aria-labelledby=\"headingone\" data-parent=\"#accordionPaper\">\r\n\t  <div class=\"card-body\">\r\n\t\t<p class=\"card-text\">\n<p>A Estrat\u00e9gia Global da Organiza\u00e7\u00e3o Mundial de Sa\u00fade (OMS) para Hansen\u00edase 2021\u20132030 define a preven\u00e7\u00e3o de novas incapacidades como um dos seus pilares estrat\u00e9gicos. Estima-se que cerca de quatro milho\u0303es de pessoas vivam com incapacidades f\u00edsicas devido a\u0300 hanseni\u0301ase. Analisar os dados referentes ao Grau de Incapacidade F\u00edsica (GIF) decorrente da hansen\u00edase pode auxiliar na melhoria do tratamento fornecido aos pacientes, bem como fornecer subs\u00eddios para auxiliar no processo de tomada de decis\u00e3o por parte das autoridades p\u00fablicas de sa\u00fade.<\/p>\n<\/p>\r\n\t\t<div class=\"d-flex justify-content-between align-items-center\">\r\n\t\t\t<div class=\"btn-group\">\r\n\t\t\t  <a href=\"https:\/\/medtrop2024.com.br\/evento\/medtrop2024\/trabalhosaprovados\/naintegra\/2321\" class=\"btn btn-sm btn-outline-secondary\" target=\"_blank\">Link<\/a>\r\n\t\t\t<\/div>\r\n\t\t\t<small class=\"text-body-secondary\">Hansen\u00edase; Incapacidades; Visualiza\u00e7\u00e3o; SINAN.<\/small>\r\n\t\t<\/div>\r\n\t  <\/div>\r\n\t<\/div>\r\n<\/div><div class=\"card\">\r\n\t<div class=\"card-header\" id=\"headingOne\">\r\n\t  <h2 class=\"mb-0\">\r\n\t\t<button class=\"btn btn-link\" type=\"button\" data-toggle=\"collapse\" data-target=\"#collapse1613\" aria-expanded=\"false\" aria-controls=\"collapse1613\">\r\n\t\t  Predicting leprosy-induced disability progression: A novel technique using tabular data and machine learning\r\n\t\t<\/button>\r\n\t  <\/h2>\r\n\t<\/div>\r\n\r\n\t<div id=\"collapse1613\" class=\"collapse aria-labelledby=\"headingone\" data-parent=\"#accordionPaper\">\r\n\t  <div class=\"card-body\">\r\n\t\t<p class=\"card-text\">\n<p>Leprosy is a neglected tropical disease (NTD) caused by Mycobacterium leprae. It predominantly occurs in areas with poor socio-economic conditions and affects the skin and peripheral nerves. Without proper treatment, leprosy can lead to severe physical deformities, making it a highly stigmatizing disease. This study evaluated four machine learning models that predict the progression of the grade of physical disability related to leprosy based on clinical and socio-demographic data sourced from a Brazilian database. The database contained notifications of leprosy cases spanning from 2001 to 2023. The objective was to predict the likelihood of an increase in the disability grade caused by the disease. After preprocessing the data, a total of 199,924 records and 12 clinical and socio-demographic variables were selected for analysis. The study evaluated the performance of four machine learning models: Decision Tree (DT), Random Forest (RF), Adaptive Boosting (AdaBoost) and Gradient Boosting (GB). The RF model had the highest performance achieving a recall of 82.59% (\u00b10.02), followed by GB with 77.27%, AdaBoost with 73.11% and DT with 72.09%. These results suggest that the models are proficient at identifying instances of the positive class, which in this context means predicting the progression of leprosy-related disability, thereby reducing the number of false negatives. This ability is crucial in predicting the progression of the disease and potentially improving patient outcomes. This study&#8217;s findings indicate that machine learning can be a valuable tool in managing leprosy, particularly in predicting the worsening of physical disabilities. By leveraging clinical and socio-demographic data, healthcare providers can better identify patients at higher risk and tailor their treatment strategies accordingly.<\/p>\n<\/p>\r\n\t\t<div class=\"d-flex justify-content-between align-items-center\">\r\n\t\t\t<div class=\"btn-group\">\r\n\t\t\t  <a href=\"https:\/\/preprints.jmir.org\/preprint\/54487\" class=\"btn btn-sm btn-outline-secondary\" target=\"_blank\">Link<\/a>\r\n\t\t\t<\/div>\r\n\t\t\t<small class=\"text-body-secondary\"><\/small>\r\n\t\t<\/div>\r\n\t  <\/div>\r\n\t<\/div>\r\n<\/div><div class=\"card\">\r\n\t<div class=\"card-header\" id=\"headingOne\">\r\n\t  <h2 class=\"mb-0\">\r\n\t\t<button class=\"btn btn-link\" type=\"button\" data-toggle=\"collapse\" data-target=\"#collapse1620\" aria-expanded=\"false\" aria-controls=\"collapse1620\">\r\n\t\t  Predicting leprosy-induced Grade of Impairment Function (GIF) progression using real Brazilian data with artificial intelligence\r\n\t\t<\/button>\r\n\t  <\/h2>\r\n\t<\/div>\r\n\r\n\t<div id=\"collapse1620\" class=\"collapse aria-labelledby=\"headingone\" data-parent=\"#accordionPaper\">\r\n\t  <div class=\"card-body\">\r\n\t\t<p class=\"card-text\">\n<p>Leprosy is a neglected tropical disease (NTD). Brazil has long been recognized as an endemic country for leprosy; it is the second highest leprosy burden country in the world. In 2023, Brazil reported 22,773 new cases of leprosy, which represents 92% of the new cases in the Americas, 13% of&nbsp; 174,087 new cases worldwide. Leprosy can lead to severe physical deformities, making it a highly stigmatizing disease.<\/p>\n\n<p>This study evaluates four machine learning models &#8211; Decision Tree, Random Forest, Adaptive Boosting (AdaBoost) and Gradient Boosting (GB) &#8211; to predict the progression of the grade of physical disability. We utilized a real Brazilian dataset extracted from SINAN, the Brazilian national notifiable disease information system. The dataset contained 12 attributes (including the target class) and 923,920 records of leprosy cases from 2001 to 2023. In the dataset, 157,062 patients showed no evolution or reduction in the grade of impairment function (GIF) while 12,957 exhibited an increase in the GIF from diagnosis to cure. We found that 29,905 cases demonstrated a decrease in GIF; these records were excluded from the dataset for model training. After preprocessing steps, a total of 199,924 records and 12 clinical and sociodemographic variables were selected for training and testing models. Models were evaluated using recall, also referred to as sensitivity, as the primary evaluation metric. Recall quantifies the proportion of true positive cases identified by the model out of all actual positive cases&#8230;.<\/p>\n<\/p>\r\n\t\t<div class=\"d-flex justify-content-between align-items-center\">\r\n\t\t\t<div class=\"btn-group\">\r\n\t\t\t  <a href=\"https:\/\/hansen.dotlabbrazil.com.br\/wp-content\/uploads\/2025\/09\/Abstract-Book-ILC-2025.pdf\" class=\"btn btn-sm btn-outline-secondary\" target=\"_blank\">Link<\/a>\r\n\t\t\t<\/div>\r\n\t\t\t<small class=\"text-body-secondary\"><\/small>\r\n\t\t<\/div>\r\n\t  <\/div>\r\n\t<\/div>\r\n<\/div>\n      <\/div>\n<\/div>\n\n\t\t<\/div>\n\t<\/div>\n<\/div><\/div><\/div><\/div>\n<\/section>","protected":false},"excerpt":{"rendered":"Automatic Information Extraction from Neurological Assessment Records for Leprosy Cases Using AI Leprosy, caused by Mycobacterium leprae, remains a global challenge, requiring strategies to achieve disease elimination by 2030. In Brazil, the Simplified Neurological Assessment (from Portuguese Avalia\u00e7\u00e3o Neurol\u00f3gica Simplificada, ANS) is mandatory for suspected cases; however, the form is still manually fulfilled, which limits [...]","protected":false},"author":1,"featured_media":0,"parent":0,"menu_order":0,"comment_status":"closed","ping_status":"closed","template":"page-templates\/pages.php","meta":{"footnotes":""},"class_list":["post-1547","page","type-page","status-publish","hentry"],"_links":{"self":[{"href":"https:\/\/hansen.dotlabbrazil.com.br\/en\/wp-json\/wp\/v2\/pages\/1547","targetHints":{"allow":["GET"]}}],"collection":[{"href":"https:\/\/hansen.dotlabbrazil.com.br\/en\/wp-json\/wp\/v2\/pages"}],"about":[{"href":"https:\/\/hansen.dotlabbrazil.com.br\/en\/wp-json\/wp\/v2\/types\/page"}],"author":[{"embeddable":true,"href":"https:\/\/hansen.dotlabbrazil.com.br\/en\/wp-json\/wp\/v2\/users\/1"}],"replies":[{"embeddable":true,"href":"https:\/\/hansen.dotlabbrazil.com.br\/en\/wp-json\/wp\/v2\/comments?post=1547"}],"version-history":[{"count":7,"href":"https:\/\/hansen.dotlabbrazil.com.br\/en\/wp-json\/wp\/v2\/pages\/1547\/revisions"}],"predecessor-version":[{"id":1616,"href":"https:\/\/hansen.dotlabbrazil.com.br\/en\/wp-json\/wp\/v2\/pages\/1547\/revisions\/1616"}],"wp:attachment":[{"href":"https:\/\/hansen.dotlabbrazil.com.br\/en\/wp-json\/wp\/v2\/media?parent=1547"}],"curies":[{"name":"wp","href":"https:\/\/api.w.org\/{rel}","templated":true}]}}